{"id":3380,"date":"2020-05-01T19:35:58","date_gmt":"2020-05-01T22:35:58","guid":{"rendered":"https:\/\/www.santaema.cl\/sobre-nos\/nossos-vinhedos\/cerro-blanco\/"},"modified":"2020-09-10T17:20:48","modified_gmt":"2020-09-10T20:20:48","slug":"cerro-blanco","status":"publish","type":"page","link":"https:\/\/dev-santaema.lfi.cl\/pt-br\/sobre-nos\/nossos-vinhedos\/cerro-blanco\/","title":{"rendered":"Cerro Blanco"},"content":{"rendered":"<p>Fundo Cerro Blanco, 112 hectares.<\/p>\n<p>Seu nome, Cerro Blanco, deve-se \u00e0 colora\u00e7\u00e3o de suas terras originadas pelo mineral Carbonato de C\u00e1lcio, CAL, presente nas \u00e1guas do Rio Maipo que irrigam os vinhedos dessa regi\u00e3o.<\/p>\n<p>Cerro Blanco \u00e9 um vinhedo de montanha, pois est\u00e1 localizado a 1.000 metros acima do n\u00edvel do mar. Isso o transforma em um dos cultivos mais altos do Vale e, portanto, com a presen\u00e7a de uma grande oscila\u00e7\u00e3o t\u00e9rmica durante o dia e a noite.<\/p>\n<p>A sua localiza\u00e7\u00e3o, nas encostas da Cordilheira dos Andes, fornece solos, principalmente, coluviais definidos como de m\u00e9dia e baixa fertilidade.<\/p>\n<p>Estas caracter\u00edsticas tornam este vinhedo excepcional para o cultivo de videiras vermelhas e tornam-se o lar dos vinhos Icons, Ultrapremium e Premium do Vinhedo de Santa Ema; pois \u00e9 poss\u00edvel obter mostos com grande concentra\u00e7\u00e3o de cor, muito expressivos, com \u00f3timo corpo, acidez e aromas.<\/p>\n<p>A qualidade dos vinhos de Cerro Blanco \u00e9 uma das mais consistentes na viticultura chilena.<\/p>\n","protected":false},"excerpt":{"rendered":"<p>Fundo Cerro Blanco, 112 hectares. Seu nome, Cerro Blanco, deve-se \u00e0 colora\u00e7\u00e3o de suas terras originadas pelo mineral Carbonato de C\u00e1lcio, CAL, presente nas \u00e1guas do Rio Maipo que irrigam os vinhedos dessa regi\u00e3o. Cerro Blanco \u00e9 um vinhedo de montanha, pois est\u00e1 localizado a 1.000 metros acima do n\u00edvel do mar. Isso o transforma [&hellip;]<\/p>\n","protected":false},"author":1,"featured_media":0,"parent":3362,"menu_order":0,"comment_status":"closed","ping_status":"closed","template":"page-nosotros-vinedos-detalle.php","meta":{"_acf_changed":false,"footnotes":""},"class_list":["post-3380","page","type-page","status-publish","hentry"],"acf":[],"aioseo_notices":[],"_links":{"self":[{"href":"https:\/\/dev-santaema.lfi.cl\/pt-br\/wp-json\/wp\/v2\/pages\/3380","targetHints":{"allow":["GET"]}}],"collection":[{"href":"https:\/\/dev-santaema.lfi.cl\/pt-br\/wp-json\/wp\/v2\/pages"}],"about":[{"href":"https:\/\/dev-santaema.lfi.cl\/pt-br\/wp-json\/wp\/v2\/types\/page"}],"author":[{"embeddable":true,"href":"https:\/\/dev-santaema.lfi.cl\/pt-br\/wp-json\/wp\/v2\/users\/1"}],"replies":[{"embeddable":true,"href":"https:\/\/dev-santaema.lfi.cl\/pt-br\/wp-json\/wp\/v2\/comments?post=3380"}],"version-history":[{"count":2,"href":"https:\/\/dev-santaema.lfi.cl\/pt-br\/wp-json\/wp\/v2\/pages\/3380\/revisions"}],"predecessor-version":[{"id":3383,"href":"https:\/\/dev-santaema.lfi.cl\/pt-br\/wp-json\/wp\/v2\/pages\/3380\/revisions\/3383"}],"up":[{"embeddable":true,"href":"https:\/\/dev-santaema.lfi.cl\/pt-br\/wp-json\/wp\/v2\/pages\/3362"}],"wp:attachment":[{"href":"https:\/\/dev-santaema.lfi.cl\/pt-br\/wp-json\/wp\/v2\/media?parent=3380"}],"curies":[{"name":"wp","href":"https:\/\/api.w.org\/{rel}","templated":true}]}}