{"id":3396,"date":"2020-05-01T19:36:53","date_gmt":"2020-05-01T22:36:53","guid":{"rendered":"https:\/\/www.santaema.cl\/sobre-nos\/nossos-vinhedos\/el-peral\/"},"modified":"2020-09-10T17:24:54","modified_gmt":"2020-09-10T20:24:54","slug":"el-peral","status":"publish","type":"page","link":"https:\/\/dev-santaema.lfi.cl\/pt-br\/sobre-nos\/nossos-vinhedos\/el-peral\/","title":{"rendered":"El Peral"},"content":{"rendered":"<p>Fazendas El Peral, 45 hectares.<\/p>\n<p>Vinhedos localizados nas margens do rio Maipo, banhados pela n\u00e9voa que emana do afluente pela manh\u00e3. Esta condi\u00e7\u00e3o particular da regi\u00e3o permite a obten\u00e7\u00e3o de vinhos arom\u00e1ticos, com muito boa acidez. Vinhos que s\u00e3o a express\u00e3o viva das frutas frescas.<\/p>\n<p>Esta \u00e1rea, uma das mais reconhecidas e cl\u00e1ssicas do Chile, possui solos aluviais e pedregosos, adequados para os vinhos tintos e brancos.<\/p>\n<p>Deste vinhedo brotam as uvas para o nosso renomado Santa Ema Gran Reserva Merlot. Um vinho que se destaca pelas suas frutas frescas, juntamente com as notas entregues pela madeira que s\u00e3o chocolate, baunilha e caramelo. Um vinho que transcende gera\u00e7\u00f5es e culturas. Hoje, um dos melhores e mais importantes merlot do Chile, merecendo reconhecimentos internacionais importantes.<\/p>\n<p>Variedades: Merlot, Cabernet Sauvignon, Malbec, Sauvignon Blanc, Chardonnay.<\/p>\n","protected":false},"excerpt":{"rendered":"<p>Fazendas El Peral, 45 hectares. Vinhedos localizados nas margens do rio Maipo, banhados pela n\u00e9voa que emana do afluente pela manh\u00e3. Esta condi\u00e7\u00e3o particular da regi\u00e3o permite a obten\u00e7\u00e3o de vinhos arom\u00e1ticos, com muito boa acidez. Vinhos que s\u00e3o a express\u00e3o viva das frutas frescas. Esta \u00e1rea, uma das mais reconhecidas e cl\u00e1ssicas do Chile, [&hellip;]<\/p>\n","protected":false},"author":1,"featured_media":0,"parent":3362,"menu_order":1,"comment_status":"closed","ping_status":"closed","template":"page-nosotros-vinedos-detalle.php","meta":{"_acf_changed":false,"footnotes":""},"class_list":["post-3396","page","type-page","status-publish","hentry"],"acf":[],"aioseo_notices":[],"_links":{"self":[{"href":"https:\/\/dev-santaema.lfi.cl\/pt-br\/wp-json\/wp\/v2\/pages\/3396","targetHints":{"allow":["GET"]}}],"collection":[{"href":"https:\/\/dev-santaema.lfi.cl\/pt-br\/wp-json\/wp\/v2\/pages"}],"about":[{"href":"https:\/\/dev-santaema.lfi.cl\/pt-br\/wp-json\/wp\/v2\/types\/page"}],"author":[{"embeddable":true,"href":"https:\/\/dev-santaema.lfi.cl\/pt-br\/wp-json\/wp\/v2\/users\/1"}],"replies":[{"embeddable":true,"href":"https:\/\/dev-santaema.lfi.cl\/pt-br\/wp-json\/wp\/v2\/comments?post=3396"}],"version-history":[{"count":2,"href":"https:\/\/dev-santaema.lfi.cl\/pt-br\/wp-json\/wp\/v2\/pages\/3396\/revisions"}],"predecessor-version":[{"id":3399,"href":"https:\/\/dev-santaema.lfi.cl\/pt-br\/wp-json\/wp\/v2\/pages\/3396\/revisions\/3399"}],"up":[{"embeddable":true,"href":"https:\/\/dev-santaema.lfi.cl\/pt-br\/wp-json\/wp\/v2\/pages\/3362"}],"wp:attachment":[{"href":"https:\/\/dev-santaema.lfi.cl\/pt-br\/wp-json\/wp\/v2\/media?parent=3396"}],"curies":[{"name":"wp","href":"https:\/\/api.w.org\/{rel}","templated":true}]}}