{"id":3407,"date":"2020-05-01T19:37:21","date_gmt":"2020-05-01T22:37:21","guid":{"rendered":"https:\/\/www.santaema.cl\/sobre-nos\/nossos-vinhedos\/leyda\/"},"modified":"2020-09-10T17:27:32","modified_gmt":"2020-09-10T20:27:32","slug":"leyda","status":"publish","type":"page","link":"https:\/\/dev-santaema.lfi.cl\/pt-br\/sobre-nos\/nossos-vinhedos\/leyda\/","title":{"rendered":"Leyda"},"content":{"rendered":"<p>Fundo Leyda, 40 hectares.<\/p>\n<p>O vinhedo de Santa Ema, localizadas na \u00e1rea de Leyda, ficam a 10 km do Oceano Pac\u00edfico.<\/p>\n<p>Um vinhedo costeiro de clima frio, com temperaturas m\u00e1ximas de 24 a 25 graus no ver\u00e3o, mas com muito vento e sol, que permite obter vinhos de grande express\u00e3o arom\u00e1tica, com alta acidez e com muita presen\u00e7a de frutas frescas maduras sem toques esverdeados.<\/p>\n<p>O amadurecimento das bagas aqui \u00e9 lento, resultando em vinhos brancos vibrantes e minerais, al\u00e9m de tintos complexos e arom\u00e1ticos.<\/p>\n<p>Deste vinhedo de Santa Ema, s\u00e3o extra\u00eddas as uvas para os seus famosos Chardonnay, Pinot Noir, Syrah e Sauvignon Blanc.<\/p>\n","protected":false},"excerpt":{"rendered":"<p>Fundo Leyda, 40 hectares. O vinhedo de Santa Ema, localizadas na \u00e1rea de Leyda, ficam a 10 km do Oceano Pac\u00edfico. Um vinhedo costeiro de clima frio, com temperaturas m\u00e1ximas de 24 a 25 graus no ver\u00e3o, mas com muito vento e sol, que permite obter vinhos de grande express\u00e3o arom\u00e1tica, com alta acidez e [&hellip;]<\/p>\n","protected":false},"author":1,"featured_media":0,"parent":3362,"menu_order":2,"comment_status":"closed","ping_status":"closed","template":"page-nosotros-vinedos-detalle.php","meta":{"_acf_changed":false,"footnotes":""},"class_list":["post-3407","page","type-page","status-publish","hentry"],"acf":[],"aioseo_notices":[],"_links":{"self":[{"href":"https:\/\/dev-santaema.lfi.cl\/pt-br\/wp-json\/wp\/v2\/pages\/3407","targetHints":{"allow":["GET"]}}],"collection":[{"href":"https:\/\/dev-santaema.lfi.cl\/pt-br\/wp-json\/wp\/v2\/pages"}],"about":[{"href":"https:\/\/dev-santaema.lfi.cl\/pt-br\/wp-json\/wp\/v2\/types\/page"}],"author":[{"embeddable":true,"href":"https:\/\/dev-santaema.lfi.cl\/pt-br\/wp-json\/wp\/v2\/users\/1"}],"replies":[{"embeddable":true,"href":"https:\/\/dev-santaema.lfi.cl\/pt-br\/wp-json\/wp\/v2\/comments?post=3407"}],"version-history":[{"count":2,"href":"https:\/\/dev-santaema.lfi.cl\/pt-br\/wp-json\/wp\/v2\/pages\/3407\/revisions"}],"predecessor-version":[{"id":3410,"href":"https:\/\/dev-santaema.lfi.cl\/pt-br\/wp-json\/wp\/v2\/pages\/3407\/revisions\/3410"}],"up":[{"embeddable":true,"href":"https:\/\/dev-santaema.lfi.cl\/pt-br\/wp-json\/wp\/v2\/pages\/3362"}],"wp:attachment":[{"href":"https:\/\/dev-santaema.lfi.cl\/pt-br\/wp-json\/wp\/v2\/media?parent=3407"}],"curies":[{"name":"wp","href":"https:\/\/api.w.org\/{rel}","templated":true}]}}