{"id":3434,"date":"2020-05-03T00:56:07","date_gmt":"2020-05-03T03:56:07","guid":{"rendered":"https:\/\/www.santaema.cl\/sustentabilidad\/"},"modified":"2022-05-17T11:52:09","modified_gmt":"2022-05-17T14:52:09","slug":"sustentabilidade","status":"publish","type":"page","link":"https:\/\/dev-santaema.lfi.cl\/pt-br\/sustentabilidade\/","title":{"rendered":"Sustentabilidade"},"content":{"rendered":"<p>Geramos impactos positivos em nosso meio ambiente a partir de nossas a\u00e7\u00f5es. Criamos valor econ\u00f4mico, ambiental e social, contribuindo assim para o aumento do bem-estar e o progresso das pr\u00f3ximas gera\u00e7\u00f5es.<\/p>\n","protected":false},"excerpt":{"rendered":"<p>Geramos impactos positivos em nosso meio ambiente a partir de nossas a\u00e7\u00f5es. Criamos valor econ\u00f4mico, ambiental e social, contribuindo assim para o aumento do bem-estar e o progresso das pr\u00f3ximas gera\u00e7\u00f5es.<\/p>\n","protected":false},"author":1,"featured_media":0,"parent":0,"menu_order":0,"comment_status":"closed","ping_status":"closed","template":"page-sustentabilidad-reporte.php","meta":{"_acf_changed":false,"footnotes":""},"class_list":["post-3434","page","type-page","status-publish","hentry"],"acf":[],"aioseo_notices":[],"_links":{"self":[{"href":"https:\/\/dev-santaema.lfi.cl\/pt-br\/wp-json\/wp\/v2\/pages\/3434","targetHints":{"allow":["GET"]}}],"collection":[{"href":"https:\/\/dev-santaema.lfi.cl\/pt-br\/wp-json\/wp\/v2\/pages"}],"about":[{"href":"https:\/\/dev-santaema.lfi.cl\/pt-br\/wp-json\/wp\/v2\/types\/page"}],"author":[{"embeddable":true,"href":"https:\/\/dev-santaema.lfi.cl\/pt-br\/wp-json\/wp\/v2\/users\/1"}],"replies":[{"embeddable":true,"href":"https:\/\/dev-santaema.lfi.cl\/pt-br\/wp-json\/wp\/v2\/comments?post=3434"}],"version-history":[{"count":9,"href":"https:\/\/dev-santaema.lfi.cl\/pt-br\/wp-json\/wp\/v2\/pages\/3434\/revisions"}],"predecessor-version":[{"id":7557,"href":"https:\/\/dev-santaema.lfi.cl\/pt-br\/wp-json\/wp\/v2\/pages\/3434\/revisions\/7557"}],"wp:attachment":[{"href":"https:\/\/dev-santaema.lfi.cl\/pt-br\/wp-json\/wp\/v2\/media?parent=3434"}],"curies":[{"name":"wp","href":"https:\/\/api.w.org\/{rel}","templated":true}]}}