{"id":3463,"date":"2020-06-18T17:30:37","date_gmt":"2020-06-18T20:30:37","guid":{"rendered":"https:\/\/www.santaema.cl\/sustentabilidade\/rse\/"},"modified":"2020-09-10T18:25:42","modified_gmt":"2020-09-10T21:25:42","slug":"rse","status":"publish","type":"page","link":"https:\/\/dev-santaema.lfi.cl\/pt-br\/sustentabilidade\/rse\/","title":{"rendered":"RSE"},"content":{"rendered":"<p>O Vinhedo de Santa Ema trabalha duro ao longo do ano em diferentes projetos de Responsabilidade Social Corporativa, baseados na cria\u00e7\u00e3o de valor ambiental, econ\u00f4mico e social, focados nas comunidades locais, colaboradores e grupos de interesse.<\/p>\n<p>A empresa est\u00e1 ciente dos diferentes impactos que gera no n\u00edvel ambiental e social, por isso promove a\u00e7\u00f5es que fomentam os aspectos positivos e reduzem os negativos, a fim de gerar um crescimento social real que envolve indiv\u00edduos e organiza\u00e7\u00f5es.<\/p>\n<p>Com isso em mente, diferentes atividades s\u00e3o realizadas ao longo do ano. Alguns exemplos s\u00e3o os workshops, doa\u00e7\u00f5es, apoio e patroc\u00ednio nas \u00e1reas de educa\u00e7\u00e3o, apoio e patroc\u00ednio a atletas e clubes, atividades de empreendedorismo social, campanhas voltadas ao consumo e educa\u00e7\u00e3o respons\u00e1veis, entre outras.<\/br><\/br><\/br><\/p>\n","protected":false},"excerpt":{"rendered":"<p>O Vinhedo de Santa Ema trabalha duro ao longo do ano em diferentes projetos de Responsabilidade Social Corporativa, baseados na cria\u00e7\u00e3o de valor ambiental, econ\u00f4mico e social, focados nas comunidades locais, colaboradores e grupos de interesse. A empresa est\u00e1 ciente dos diferentes impactos que gera no n\u00edvel ambiental e social, por isso promove a\u00e7\u00f5es que [&hellip;]<\/p>\n","protected":false},"author":2,"featured_media":0,"parent":3434,"menu_order":0,"comment_status":"closed","ping_status":"closed","template":"page-sustentabilidad-rse.php","meta":{"_acf_changed":false,"footnotes":""},"class_list":["post-3463","page","type-page","status-publish","hentry"],"acf":[],"aioseo_notices":[],"_links":{"self":[{"href":"https:\/\/dev-santaema.lfi.cl\/pt-br\/wp-json\/wp\/v2\/pages\/3463","targetHints":{"allow":["GET"]}}],"collection":[{"href":"https:\/\/dev-santaema.lfi.cl\/pt-br\/wp-json\/wp\/v2\/pages"}],"about":[{"href":"https:\/\/dev-santaema.lfi.cl\/pt-br\/wp-json\/wp\/v2\/types\/page"}],"author":[{"embeddable":true,"href":"https:\/\/dev-santaema.lfi.cl\/pt-br\/wp-json\/wp\/v2\/users\/2"}],"replies":[{"embeddable":true,"href":"https:\/\/dev-santaema.lfi.cl\/pt-br\/wp-json\/wp\/v2\/comments?post=3463"}],"version-history":[{"count":2,"href":"https:\/\/dev-santaema.lfi.cl\/pt-br\/wp-json\/wp\/v2\/pages\/3463\/revisions"}],"predecessor-version":[{"id":3465,"href":"https:\/\/dev-santaema.lfi.cl\/pt-br\/wp-json\/wp\/v2\/pages\/3463\/revisions\/3465"}],"up":[{"embeddable":true,"href":"https:\/\/dev-santaema.lfi.cl\/pt-br\/wp-json\/wp\/v2\/pages\/3434"}],"wp:attachment":[{"href":"https:\/\/dev-santaema.lfi.cl\/pt-br\/wp-json\/wp\/v2\/media?parent=3463"}],"curies":[{"name":"wp","href":"https:\/\/api.w.org\/{rel}","templated":true}]}}