{"id":3466,"date":"2020-05-03T00:56:28","date_gmt":"2020-05-03T03:56:28","guid":{"rendered":"https:\/\/www.santaema.cl\/sustentabilidade\/santa-ema-30k\/"},"modified":"2020-09-10T18:33:10","modified_gmt":"2020-09-10T21:33:10","slug":"santa-ema-30k","status":"publish","type":"page","link":"https:\/\/dev-santaema.lfi.cl\/pt-br\/sustentabilidade\/santa-ema-30k\/","title":{"rendered":"Santa Ema 30k"},"content":{"rendered":"<p>O Santa Ema 30K \u00e9 um projeto de integra\u00e7\u00e3o social e econ\u00f4mica focado na comunidade onde o vinhedo est\u00e1 localizado. Este projeto visa apoiar tanto a exposi\u00e7\u00e3o, dissemina\u00e7\u00e3o e venda dos produtos fabricados por alguns microempreendedores que n\u00e3o estejam a mais de 30 quil\u00f4metros em torno das instala\u00e7\u00f5es da empresa e que hoje n\u00e3o possuem pontos de venda pr\u00f3prios para oferecer e promover seus produtos.<\/p>\n<p>O Vinhedo de Santa Ema \u00e9 uma grande fam\u00edlia no Vale do Maipo e parte de seu compromisso social \u00e9 tornar-se uma plataforma de crescimento e desenvolvimento para os pequenos e m\u00e9dios empres\u00e1rios da regi\u00e3o.<\/p>\n","protected":false},"excerpt":{"rendered":"<p>O Santa Ema 30K \u00e9 um projeto de integra\u00e7\u00e3o social e econ\u00f4mica focado na comunidade onde o vinhedo est\u00e1 localizado. Este projeto visa apoiar tanto a exposi\u00e7\u00e3o, dissemina\u00e7\u00e3o e venda dos produtos fabricados por alguns microempreendedores que n\u00e3o estejam a mais de 30 quil\u00f4metros em torno das instala\u00e7\u00f5es da empresa e que hoje n\u00e3o possuem [&hellip;]<\/p>\n","protected":false},"author":1,"featured_media":0,"parent":3434,"menu_order":1,"comment_status":"closed","ping_status":"closed","template":"page-sta-ema-30k.php","meta":{"_acf_changed":false,"footnotes":""},"class_list":["post-3466","page","type-page","status-publish","hentry"],"acf":[],"aioseo_notices":[],"_links":{"self":[{"href":"https:\/\/dev-santaema.lfi.cl\/pt-br\/wp-json\/wp\/v2\/pages\/3466","targetHints":{"allow":["GET"]}}],"collection":[{"href":"https:\/\/dev-santaema.lfi.cl\/pt-br\/wp-json\/wp\/v2\/pages"}],"about":[{"href":"https:\/\/dev-santaema.lfi.cl\/pt-br\/wp-json\/wp\/v2\/types\/page"}],"author":[{"embeddable":true,"href":"https:\/\/dev-santaema.lfi.cl\/pt-br\/wp-json\/wp\/v2\/users\/1"}],"replies":[{"embeddable":true,"href":"https:\/\/dev-santaema.lfi.cl\/pt-br\/wp-json\/wp\/v2\/comments?post=3466"}],"version-history":[{"count":2,"href":"https:\/\/dev-santaema.lfi.cl\/pt-br\/wp-json\/wp\/v2\/pages\/3466\/revisions"}],"predecessor-version":[{"id":3469,"href":"https:\/\/dev-santaema.lfi.cl\/pt-br\/wp-json\/wp\/v2\/pages\/3466\/revisions\/3469"}],"up":[{"embeddable":true,"href":"https:\/\/dev-santaema.lfi.cl\/pt-br\/wp-json\/wp\/v2\/pages\/3434"}],"wp:attachment":[{"href":"https:\/\/dev-santaema.lfi.cl\/pt-br\/wp-json\/wp\/v2\/media?parent=3466"}],"curies":[{"name":"wp","href":"https:\/\/api.w.org\/{rel}","templated":true}]}}