{"id":3519,"date":"2020-05-08T01:35:40","date_gmt":"2020-05-08T04:35:40","guid":{"rendered":"https:\/\/www.santaema.cl\/nuestros-vinos\/"},"modified":"2024-05-31T19:11:33","modified_gmt":"2024-05-31T22:11:33","slug":"nossos-vinhos","status":"publish","type":"page","link":"https:\/\/dev-santaema.lfi.cl\/pt-br\/nossos-vinhos\/","title":{"rendered":"Nossos Vinhos"},"content":{"rendered":"<p>Os nossos vinhos s\u00e3o a express\u00e3o mais pura do Vale do Maipo, da Cordilheira dos Andes ao Oceano Pac\u00edfico. Eles refletem a autenticidade do seu terroir em cada uma de suas garrafas. Uma qualidade e consist\u00eancia que transcendem o tempo e as hist\u00f3rias das pessoas.<\/p>\n","protected":false},"excerpt":{"rendered":"<p>Os nossos vinhos s\u00e3o a express\u00e3o mais pura do Vale do Maipo, da Cordilheira dos Andes ao Oceano Pac\u00edfico. Eles refletem a autenticidade do seu terroir em cada uma de suas garrafas. Uma qualidade e consist\u00eancia que transcendem o tempo e as hist\u00f3rias das pessoas.<\/p>\n","protected":false},"author":1,"featured_media":0,"parent":0,"menu_order":0,"comment_status":"closed","ping_status":"closed","template":"page-vinos.php","meta":{"_acf_changed":false,"footnotes":""},"class_list":["post-3519","page","type-page","status-publish","hentry"],"acf":[],"aioseo_notices":[],"_links":{"self":[{"href":"https:\/\/dev-santaema.lfi.cl\/pt-br\/wp-json\/wp\/v2\/pages\/3519","targetHints":{"allow":["GET"]}}],"collection":[{"href":"https:\/\/dev-santaema.lfi.cl\/pt-br\/wp-json\/wp\/v2\/pages"}],"about":[{"href":"https:\/\/dev-santaema.lfi.cl\/pt-br\/wp-json\/wp\/v2\/types\/page"}],"author":[{"embeddable":true,"href":"https:\/\/dev-santaema.lfi.cl\/pt-br\/wp-json\/wp\/v2\/users\/1"}],"replies":[{"embeddable":true,"href":"https:\/\/dev-santaema.lfi.cl\/pt-br\/wp-json\/wp\/v2\/comments?post=3519"}],"version-history":[{"count":10,"href":"https:\/\/dev-santaema.lfi.cl\/pt-br\/wp-json\/wp\/v2\/pages\/3519\/revisions"}],"predecessor-version":[{"id":8110,"href":"https:\/\/dev-santaema.lfi.cl\/pt-br\/wp-json\/wp\/v2\/pages\/3519\/revisions\/8110"}],"wp:attachment":[{"href":"https:\/\/dev-santaema.lfi.cl\/pt-br\/wp-json\/wp\/v2\/media?parent=3519"}],"curies":[{"name":"wp","href":"https:\/\/api.w.org\/{rel}","templated":true}]}}