{"id":4051,"date":"2020-05-06T01:52:19","date_gmt":"2020-05-06T04:52:19","guid":{"rendered":"https:\/\/www.santaema.cl\/sustentabilidade\/consumo-responsable\/"},"modified":"2020-10-01T15:46:37","modified_gmt":"2020-10-01T18:46:37","slug":"consumo-responsavel","status":"publish","type":"page","link":"https:\/\/dev-santaema.lfi.cl\/pt-br\/sustentabilidade\/consumo-responsavel\/","title":{"rendered":"Consumo Respons\u00e1vel"},"content":{"rendered":"<p>Promovemos o consumo respons\u00e1vel de todos os nossos vinhos. Agregamos valor \u00e0 nossa sociedade por meio da educa\u00e7\u00e3o no consumo de vinho.<\/p>\n","protected":false},"excerpt":{"rendered":"<p>Promovemos o consumo respons\u00e1vel de todos os nossos vinhos. Agregamos valor \u00e0 nossa sociedade por meio da educa\u00e7\u00e3o no consumo de vinho.<\/p>\n","protected":false},"author":1,"featured_media":0,"parent":3434,"menu_order":0,"comment_status":"closed","ping_status":"closed","template":"page-consumo-responsable.php","meta":{"_acf_changed":false,"footnotes":""},"class_list":["post-4051","page","type-page","status-publish","hentry"],"acf":[],"aioseo_notices":[],"_links":{"self":[{"href":"https:\/\/dev-santaema.lfi.cl\/pt-br\/wp-json\/wp\/v2\/pages\/4051","targetHints":{"allow":["GET"]}}],"collection":[{"href":"https:\/\/dev-santaema.lfi.cl\/pt-br\/wp-json\/wp\/v2\/pages"}],"about":[{"href":"https:\/\/dev-santaema.lfi.cl\/pt-br\/wp-json\/wp\/v2\/types\/page"}],"author":[{"embeddable":true,"href":"https:\/\/dev-santaema.lfi.cl\/pt-br\/wp-json\/wp\/v2\/users\/1"}],"replies":[{"embeddable":true,"href":"https:\/\/dev-santaema.lfi.cl\/pt-br\/wp-json\/wp\/v2\/comments?post=4051"}],"version-history":[{"count":2,"href":"https:\/\/dev-santaema.lfi.cl\/pt-br\/wp-json\/wp\/v2\/pages\/4051\/revisions"}],"predecessor-version":[{"id":4054,"href":"https:\/\/dev-santaema.lfi.cl\/pt-br\/wp-json\/wp\/v2\/pages\/4051\/revisions\/4054"}],"up":[{"embeddable":true,"href":"https:\/\/dev-santaema.lfi.cl\/pt-br\/wp-json\/wp\/v2\/pages\/3434"}],"wp:attachment":[{"href":"https:\/\/dev-santaema.lfi.cl\/pt-br\/wp-json\/wp\/v2\/media?parent=4051"}],"curies":[{"name":"wp","href":"https:\/\/api.w.org\/{rel}","templated":true}]}}